{"id":78,"date":"2018-02-07T09:02:37","date_gmt":"2018-02-07T02:02:37","guid":{"rendered":"https:\/\/healingthailand.com\/special-children\/"},"modified":"2023-12-10T11:37:10","modified_gmt":"2023-12-10T04:37:10","slug":"special-children","status":"publish","type":"page","link":"https:\/\/healingthailand.com\/fr\/special-children\/","title":{"rendered":"Sp\u00e9cial Enfants"},"content":{"rendered":"<h2 style=\"text-align: center;\">ENFANTS AUTISTES \/ HYPERACTIFS<\/h2>\n<div class=\"su-spacer\" style=\"height:20px\"><\/div>\n<p><img loading=\"lazy\" decoding=\"async\" class=\"alignright wp-image-107\" src=\"https:\/\/healingthailand.com\/wp-content\/uploads\/2018\/02\/Autism-Guardian-Assembly-PHUKET-300x300.jpg\" alt=\"Autism Guardian Assembly - PHUKET\" width=\"200\" height=\"200\" srcset=\"https:\/\/healingthailand.com\/wp-content\/uploads\/2018\/02\/Autism-Guardian-Assembly-PHUKET-300x300.jpg 300w, https:\/\/healingthailand.com\/wp-content\/uploads\/2018\/02\/Autism-Guardian-Assembly-PHUKET-150x150.jpg 150w, https:\/\/healingthailand.com\/wp-content\/uploads\/2018\/02\/Autism-Guardian-Assembly-PHUKET-146x146.jpg 146w, https:\/\/healingthailand.com\/wp-content\/uploads\/2018\/02\/Autism-Guardian-Assembly-PHUKET-50x50.jpg 50w, https:\/\/healingthailand.com\/wp-content\/uploads\/2018\/02\/Autism-Guardian-Assembly-PHUKET-75x75.jpg 75w, https:\/\/healingthailand.com\/wp-content\/uploads\/2018\/02\/Autism-Guardian-Assembly-PHUKET-85x85.jpg 85w, https:\/\/healingthailand.com\/wp-content\/uploads\/2018\/02\/Autism-Guardian-Assembly-PHUKET-80x80.jpg 80w, https:\/\/healingthailand.com\/wp-content\/uploads\/2018\/02\/Autism-Guardian-Assembly-PHUKET.jpg 568w\" sizes=\"auto, (max-width:767px) 200px, 200px\" \/><\/p>\n<p>Je m\u2019int\u00e9resse aux enfants qui ont des troubles neurologiques.<br \/>\nEn 2017, j\u00b4ai commenc\u00e9 \u00e0 travailler avec des enfants du spectre de l\u2019autisme. En collaboration avec l\u00b4Association autiste de Phuket, j\u2019ai trait\u00e9 les diff\u00e9rents cas enregistr\u00e9s  par des traitements \u00e9nerg\u00e9tiques. Les r\u00e9sultats ont \u00e9t\u00e9 tr\u00e8s satisfaisants. A la demande des diverses familles j\u2019ai continu\u00e9 pendant 3 ans mon appui aux enfants (4 ans \u00e0 19ans). J\u2019ai par la suite mis en place des s\u00e9ances en en Intervention Comportementale Intensive pour corriger les comportements inappropri\u00e9s des cas \u00e0 traiter. Form\u00e9e par le Canada dans cette th\u00e9rapie sp\u00e9cifique, j\u2019ai pu avanc\u00e9 et aider les cas divers.<\/p>\n<p>Au cours de mon \u00e9volution th\u00e9rapeutique, j\u2019ai \u00e9galement port\u00e9 mon attention aux cas d\u2019enfants avec<br \/>\nun TDA ou TDAH. J\u2019ai suivi d\u00b4autres formations adapt\u00e9es \u00e0 ce type de trouble. Aujourd\u2019hui, je consacre une partie de mon temps de travail holistique \u00e0 aider ces derniers en leur apportant un soutien th\u00e9rapeutique ainsi qu un appui dans leur enseignement scolaire. Pour les enfants francophones, mes s\u00e9ances ont l\u2019avantage de b\u00e9n\u00e9ficier de mes comp\u00e9tences en tant que Professeur certifi\u00e9 en Fran\u00e7ais Langue Etrang\u00e8re. Ce petit compl\u00e9ment me permet d\u00b4adapter mes s\u00e9ances th\u00e9rapeutiques \u00e0 chaque enfant s\u2019il a des probl\u00e8mes \u00e0 l\u2019\u00e9cole.<\/p>\n<p>Afin d\u2019avoir des progr\u00e8s et des am\u00e9liorations effectives sur le comportement de l\u2019enfant, il est pr\u00e9f\u00e9rable d\u2019intervenir d\u00e9s le plus jeune \u00e2ge. Actuellement la tranche d\u00b4\u00e2ge que je traite est autour des 5 ans. Je peux, avec l\u2019accord des parents, cr\u00e9er un programme pour des enfants plus \u00e2g\u00e9s. Il s\u2019agit de cas par cas.<br \/>\n<div class=\"su-spacer\" style=\"height:30px\"><\/div>\n<div class=\"blockquote\"><blockquote class=\"mfn-inline-editor\">Mes traitements peuvent s\u00b4appliquer \u00e0 des enfants autistes et hyperactifs<\/blockquote><\/div>\n\n<div class=\"su-spacer\" style=\"height:30px\"><\/div>\n<div id=\"attachment_214\" style=\"width: 1476px\" class=\"wp-caption aligncenter\"><img loading=\"lazy\" decoding=\"async\" aria-describedby=\"caption-attachment-214\" class=\"wp-image-214 size-full\" src=\"https:\/\/healingthailand.com\/wp-content\/uploads\/GIFT-NEW-YEAR-ASSOCIATION-TO-ESME-1.jpg\" alt=\"GIFT-NEW-YEAR-ASSOCIATION-TO-ESME-1\" width=\"1466\" height=\"618\" srcset=\"https:\/\/healingthailand.com\/wp-content\/uploads\/GIFT-NEW-YEAR-ASSOCIATION-TO-ESME-1.jpg 1466w, https:\/\/healingthailand.com\/wp-content\/uploads\/GIFT-NEW-YEAR-ASSOCIATION-TO-ESME-1-300x126.jpg 300w, https:\/\/healingthailand.com\/wp-content\/uploads\/GIFT-NEW-YEAR-ASSOCIATION-TO-ESME-1-768x324.jpg 768w, https:\/\/healingthailand.com\/wp-content\/uploads\/GIFT-NEW-YEAR-ASSOCIATION-TO-ESME-1-1024x432.jpg 1024w, https:\/\/healingthailand.com\/wp-content\/uploads\/GIFT-NEW-YEAR-ASSOCIATION-TO-ESME-1-260x110.jpg 260w, https:\/\/healingthailand.com\/wp-content\/uploads\/GIFT-NEW-YEAR-ASSOCIATION-TO-ESME-1-50x21.jpg 50w, https:\/\/healingthailand.com\/wp-content\/uploads\/GIFT-NEW-YEAR-ASSOCIATION-TO-ESME-1-150x63.jpg 150w\" sizes=\"auto, (max-width:767px) 480px, (max-width:1466px) 100vw, 1466px\" \/><p id=\"caption-attachment-214\" class=\"wp-caption-text\">Association New Year Gift to Esmeralda<\/p><\/div>\n\n\t\t\t<style type='text\/css'>\n\t\t\t\t#sc_gallery-1 {\n\t\t\t\t\tmargin: auto;\n\t\t\t\t}\n\t\t\t\t#sc_gallery-1 .gallery-item {\n\t\t\t\t\tfloat: left;\n\t\t\t\t\ttext-align: center;\n\t\t\t\t\twidth: 33.33%;\n\t\t\t\t}\n\t\t\t\t#sc_gallery-1 img {\n\t\t\t\t\tborder: 2px solid #cfcfcf;\n\t\t\t\t}\n\t\t\t\t\/* see sc_gallery() in functions\/theme-shortcodes.php *\/\n\t\t\t<\/style>\n\t\t<div id='sc_gallery-1' class='gallery galleryid-78 gallery-columns-3 gallery-size-medium file element_classes gallery-default'><dl class='gallery-item'  data-title='Esm\u00e9 with the Autism Guardian Assembly kids 02' data-description=''><div class='gallery-item-wrapper'>\n\t\t\t\t<dt class='gallery-icon landscape'>\n\t\t\t\t\t<a href='https:\/\/healingthailand.com\/wp-content\/uploads\/2018\/02\/Esm\u00e9-with-the-Autism-Guardian-Assembly-kids-02.jpg'><img loading=\"lazy\" decoding=\"async\" width=\"300\" height=\"225\" src=\"https:\/\/healingthailand.com\/wp-content\/uploads\/2018\/02\/Esm\u00e9-with-the-Autism-Guardian-Assembly-kids-02-300x225.jpg\" class=\"attachment-medium size-medium\" alt=\"\" srcset=\"https:\/\/healingthailand.com\/wp-content\/uploads\/2018\/02\/Esm\u00e9-with-the-Autism-Guardian-Assembly-kids-02-300x225.jpg 300w, https:\/\/healingthailand.com\/wp-content\/uploads\/2018\/02\/Esm\u00e9-with-the-Autism-Guardian-Assembly-kids-02-768x576.jpg 768w, https:\/\/healingthailand.com\/wp-content\/uploads\/2018\/02\/Esm\u00e9-with-the-Autism-Guardian-Assembly-kids-02-1024x768.jpg 1024w, https:\/\/healingthailand.com\/wp-content\/uploads\/2018\/02\/Esm\u00e9-with-the-Autism-Guardian-Assembly-kids-02-195x146.jpg 195w, https:\/\/healingthailand.com\/wp-content\/uploads\/2018\/02\/Esm\u00e9-with-the-Autism-Guardian-Assembly-kids-02-50x38.jpg 50w, https:\/\/healingthailand.com\/wp-content\/uploads\/2018\/02\/Esm\u00e9-with-the-Autism-Guardian-Assembly-kids-02-100x75.jpg 100w, https:\/\/healingthailand.com\/wp-content\/uploads\/2018\/02\/Esm\u00e9-with-the-Autism-Guardian-Assembly-kids-02.jpg 1477w\" sizes=\"auto, (max-width:767px) 300px, 300px\" \/><\/a>\n\t\t\t\t<\/dt><\/div><\/dl><dl class='gallery-item'  data-title='Esm\u00e9 with the Autism Guardian Assembly kids 01' data-description=''><div class='gallery-item-wrapper'>\n\t\t\t\t<dt class='gallery-icon portrait'>\n\t\t\t\t\t<a href='https:\/\/healingthailand.com\/wp-content\/uploads\/2018\/02\/Esm\u00e9-with-the-Autism-Guardian-Assembly-kids-01.jpg'><img loading=\"lazy\" decoding=\"async\" width=\"224\" height=\"300\" src=\"https:\/\/healingthailand.com\/wp-content\/uploads\/2018\/02\/Esm\u00e9-with-the-Autism-Guardian-Assembly-kids-01-224x300.jpg\" class=\"attachment-medium size-medium\" alt=\"\" srcset=\"https:\/\/healingthailand.com\/wp-content\/uploads\/2018\/02\/Esm\u00e9-with-the-Autism-Guardian-Assembly-kids-01-224x300.jpg 224w, https:\/\/healingthailand.com\/wp-content\/uploads\/2018\/02\/Esm\u00e9-with-the-Autism-Guardian-Assembly-kids-01-109x146.jpg 109w, https:\/\/healingthailand.com\/wp-content\/uploads\/2018\/02\/Esm\u00e9-with-the-Autism-Guardian-Assembly-kids-01-37x50.jpg 37w, https:\/\/healingthailand.com\/wp-content\/uploads\/2018\/02\/Esm\u00e9-with-the-Autism-Guardian-Assembly-kids-01-56x75.jpg 56w, https:\/\/healingthailand.com\/wp-content\/uploads\/2018\/02\/Esm\u00e9-with-the-Autism-Guardian-Assembly-kids-01.jpg 716w\" sizes=\"auto, (max-width:767px) 224px, 224px\" \/><\/a>\n\t\t\t\t<\/dt><\/div><\/dl><dl class='gallery-item'  data-title='wanida esme' data-description=''><div class='gallery-item-wrapper'>\n\t\t\t\t<dt class='gallery-icon landscape'>\n\t\t\t\t\t<a href='https:\/\/healingthailand.com\/wp-content\/uploads\/2018\/02\/wanida-esme.png'><img loading=\"lazy\" decoding=\"async\" width=\"300\" height=\"271\" src=\"https:\/\/healingthailand.com\/wp-content\/uploads\/2018\/02\/wanida-esme-300x271.png\" class=\"attachment-medium size-medium\" alt=\"\" srcset=\"https:\/\/healingthailand.com\/wp-content\/uploads\/2018\/02\/wanida-esme-300x271.png 300w, https:\/\/healingthailand.com\/wp-content\/uploads\/2018\/02\/wanida-esme-162x146.png 162w, https:\/\/healingthailand.com\/wp-content\/uploads\/2018\/02\/wanida-esme-50x45.png 50w, https:\/\/healingthailand.com\/wp-content\/uploads\/2018\/02\/wanida-esme-83x75.png 83w, https:\/\/healingthailand.com\/wp-content\/uploads\/2018\/02\/wanida-esme.png 722w\" sizes=\"auto, (max-width:767px) 300px, 300px\" \/><\/a>\n\t\t\t\t<\/dt>\n\t\t\t\t\t<dd class='wp-caption-text gallery-caption'>\n\t\t\t\t\tKhun Wannida (President of Phuket Autistic Assembly)\n\t\t\t\t\t<\/dd><\/div><\/dl><br style=\"clear: both\" \/><dl class='gallery-item'  data-title='Energetic Healing Center in Phuket - Autistic Children' data-description='Energetic Healing Center in Phuket - Autistic Children'><div class='gallery-item-wrapper'>\n\t\t\t\t<dt class='gallery-icon landscape'>\n\t\t\t\t\t<a href='https:\/\/healingthailand.com\/wp-content\/uploads\/2018\/02\/Energetic-Healing-Center-in-Phuket-Autistic-Children.jpg'><img loading=\"lazy\" decoding=\"async\" width=\"300\" height=\"213\" src=\"https:\/\/healingthailand.com\/wp-content\/uploads\/2018\/02\/Energetic-Healing-Center-in-Phuket-Autistic-Children-300x213.jpg\" class=\"attachment-medium size-medium\" alt=\"\" srcset=\"https:\/\/healingthailand.com\/wp-content\/uploads\/2018\/02\/Energetic-Healing-Center-in-Phuket-Autistic-Children-300x213.jpg 300w, https:\/\/healingthailand.com\/wp-content\/uploads\/2018\/02\/Energetic-Healing-Center-in-Phuket-Autistic-Children-768x544.jpg 768w, https:\/\/healingthailand.com\/wp-content\/uploads\/2018\/02\/Energetic-Healing-Center-in-Phuket-Autistic-Children-1024x725.jpg 1024w, https:\/\/healingthailand.com\/wp-content\/uploads\/2018\/02\/Energetic-Healing-Center-in-Phuket-Autistic-Children-206x146.jpg 206w, https:\/\/healingthailand.com\/wp-content\/uploads\/2018\/02\/Energetic-Healing-Center-in-Phuket-Autistic-Children-50x35.jpg 50w, https:\/\/healingthailand.com\/wp-content\/uploads\/2018\/02\/Energetic-Healing-Center-in-Phuket-Autistic-Children-106x75.jpg 106w, https:\/\/healingthailand.com\/wp-content\/uploads\/2018\/02\/Energetic-Healing-Center-in-Phuket-Autistic-Children.jpg 1200w\" sizes=\"auto, (max-width:767px) 300px, 300px\" \/><\/a>\n\t\t\t\t<\/dt><\/div><\/dl><dl class='gallery-item'  data-title='Autistic Treatments' data-description=''><div class='gallery-item-wrapper'>\n\t\t\t\t<dt class='gallery-icon portrait'>\n\t\t\t\t\t<a href='https:\/\/healingthailand.com\/wp-content\/uploads\/Autistic-Treatments.jpg'><img loading=\"lazy\" decoding=\"async\" width=\"225\" height=\"300\" src=\"https:\/\/healingthailand.com\/wp-content\/uploads\/Autistic-Treatments-225x300.jpg\" class=\"attachment-medium size-medium\" alt=\"\" srcset=\"https:\/\/healingthailand.com\/wp-content\/uploads\/Autistic-Treatments-225x300.jpg 225w, https:\/\/healingthailand.com\/wp-content\/uploads\/Autistic-Treatments.jpg 768w, https:\/\/healingthailand.com\/wp-content\/uploads\/Autistic-Treatments-110x146.jpg 110w, https:\/\/healingthailand.com\/wp-content\/uploads\/Autistic-Treatments-38x50.jpg 38w, https:\/\/healingthailand.com\/wp-content\/uploads\/Autistic-Treatments-56x75.jpg 56w\" sizes=\"auto, (max-width:767px) 225px, 225px\" \/><\/a>\n\t\t\t\t<\/dt><\/div><\/dl>\n\t\t\t\t<br style='clear: both' \/>\n\t\t\t<\/div>\n\n<div class=\"su-spacer\" style=\"height:30px\"><\/div>\n","protected":false},"excerpt":{"rendered":"<p>ENFANTS AUTISTES \/ HYPERACTIFS Je m\u2019int\u00e9resse aux enfants qui ont des troubles neurologiques. En 2017, j\u00b4ai commenc\u00e9 \u00e0 travailler avec des enfants du spectre de l\u2019autisme.<span class=\"excerpt-hellip\"> [\u2026]<\/span><\/p>\n","protected":false},"author":1,"featured_media":0,"parent":0,"menu_order":0,"comment_status":"closed","ping_status":"closed","template":"","meta":{"footnotes":""},"class_list":["post-78","page","type-page","status-publish","hentry"],"yoast_head":"<!-- This site is optimized with the Yoast SEO plugin v27.0 - https:\/\/yoast.com\/product\/yoast-seo-wordpress\/ -->\n<title>Sp\u00e9cial Enfants - Healing Thailand<\/title>\n<meta name=\"robots\" content=\"index, follow, max-snippet:-1, max-image-preview:large, max-video-preview:-1\" \/>\n<link rel=\"canonical\" href=\"https:\/\/healingthailand.com\/fr\/special-children\/\" \/>\n<meta name=\"twitter:label1\" content=\"Dur\u00e9e de lecture estim\u00e9e\" \/>\n\t<meta name=\"twitter:data1\" content=\"2 minutes\" \/>\n<script type=\"application\/ld+json\" class=\"yoast-schema-graph\">{\"@context\":\"https:\/\/schema.org\",\"@graph\":[{\"@type\":\"WebPage\",\"@id\":\"https:\/\/healingthailand.com\/fr\/special-children\/\",\"url\":\"https:\/\/healingthailand.com\/fr\/special-children\/\",\"name\":\"Sp\u00e9cial Enfants - Healing Thailand\",\"isPartOf\":{\"@id\":\"https:\/\/healingthailand.com\/fr\/#website\"},\"primaryImageOfPage\":{\"@id\":\"https:\/\/healingthailand.com\/fr\/special-children\/#primaryimage\"},\"image\":{\"@id\":\"https:\/\/healingthailand.com\/fr\/special-children\/#primaryimage\"},\"thumbnailUrl\":\"https:\/\/healingthailand.com\/wp-content\/uploads\/2018\/02\/Autism-Guardian-Assembly-PHUKET-300x300.jpg\",\"datePublished\":\"2018-02-07T02:02:37+00:00\",\"dateModified\":\"2023-12-10T04:37:10+00:00\",\"breadcrumb\":{\"@id\":\"https:\/\/healingthailand.com\/fr\/special-children\/#breadcrumb\"},\"inLanguage\":\"fr-FR\",\"potentialAction\":[{\"@type\":\"ReadAction\",\"target\":[\"https:\/\/healingthailand.com\/fr\/special-children\/\"]}]},{\"@type\":\"ImageObject\",\"inLanguage\":\"fr-FR\",\"@id\":\"https:\/\/healingthailand.com\/fr\/special-children\/#primaryimage\",\"url\":\"https:\/\/healingthailand.com\/wp-content\/uploads\/2018\/02\/Autism-Guardian-Assembly-PHUKET-300x300.jpg\",\"contentUrl\":\"https:\/\/healingthailand.com\/wp-content\/uploads\/2018\/02\/Autism-Guardian-Assembly-PHUKET-300x300.jpg\"},{\"@type\":\"BreadcrumbList\",\"@id\":\"https:\/\/healingthailand.com\/fr\/special-children\/#breadcrumb\",\"itemListElement\":[{\"@type\":\"ListItem\",\"position\":1,\"name\":\"Home\",\"item\":\"https:\/\/healingthailand.com\/fr\/\"},{\"@type\":\"ListItem\",\"position\":2,\"name\":\"Sp\u00e9cial Enfants\"}]},{\"@type\":\"WebSite\",\"@id\":\"https:\/\/healingthailand.com\/fr\/#website\",\"url\":\"https:\/\/healingthailand.com\/fr\/\",\"name\":\"Healing Thailand\",\"description\":\"HOLISTIC HEALING THERAPIST\",\"publisher\":{\"@id\":\"https:\/\/healingthailand.com\/fr\/#organization\"},\"potentialAction\":[{\"@type\":\"SearchAction\",\"target\":{\"@type\":\"EntryPoint\",\"urlTemplate\":\"https:\/\/healingthailand.com\/fr\/?s={search_term_string}\"},\"query-input\":{\"@type\":\"PropertyValueSpecification\",\"valueRequired\":true,\"valueName\":\"search_term_string\"}}],\"inLanguage\":\"fr-FR\"},{\"@type\":\"Organization\",\"@id\":\"https:\/\/healingthailand.com\/fr\/#organization\",\"name\":\"Energy Healing Therapist\",\"url\":\"https:\/\/healingthailand.com\/fr\/\",\"logo\":{\"@type\":\"ImageObject\",\"inLanguage\":\"fr-FR\",\"@id\":\"https:\/\/healingthailand.com\/fr\/#\/schema\/logo\/image\/\",\"url\":\"https:\/\/healingthailand.com\/wp-content\/uploads\/Logo-Phuket-Energy-Healing-Center-512.png\",\"contentUrl\":\"https:\/\/healingthailand.com\/wp-content\/uploads\/Logo-Phuket-Energy-Healing-Center-512.png\",\"width\":512,\"height\":512,\"caption\":\"Energy Healing Therapist\"},\"image\":{\"@id\":\"https:\/\/healingthailand.com\/fr\/#\/schema\/logo\/image\/\"}}]}<\/script>\n<!-- \/ Yoast SEO plugin. -->","yoast_head_json":{"title":"Sp\u00e9cial Enfants - Healing Thailand","robots":{"index":"index","follow":"follow","max-snippet":"max-snippet:-1","max-image-preview":"max-image-preview:large","max-video-preview":"max-video-preview:-1"},"canonical":"https:\/\/healingthailand.com\/fr\/special-children\/","twitter_misc":{"Dur\u00e9e de lecture estim\u00e9e":"2 minutes"},"schema":{"@context":"https:\/\/schema.org","@graph":[{"@type":"WebPage","@id":"https:\/\/healingthailand.com\/fr\/special-children\/","url":"https:\/\/healingthailand.com\/fr\/special-children\/","name":"Sp\u00e9cial Enfants - Healing Thailand","isPartOf":{"@id":"https:\/\/healingthailand.com\/fr\/#website"},"primaryImageOfPage":{"@id":"https:\/\/healingthailand.com\/fr\/special-children\/#primaryimage"},"image":{"@id":"https:\/\/healingthailand.com\/fr\/special-children\/#primaryimage"},"thumbnailUrl":"https:\/\/healingthailand.com\/wp-content\/uploads\/2018\/02\/Autism-Guardian-Assembly-PHUKET-300x300.jpg","datePublished":"2018-02-07T02:02:37+00:00","dateModified":"2023-12-10T04:37:10+00:00","breadcrumb":{"@id":"https:\/\/healingthailand.com\/fr\/special-children\/#breadcrumb"},"inLanguage":"fr-FR","potentialAction":[{"@type":"ReadAction","target":["https:\/\/healingthailand.com\/fr\/special-children\/"]}]},{"@type":"ImageObject","inLanguage":"fr-FR","@id":"https:\/\/healingthailand.com\/fr\/special-children\/#primaryimage","url":"https:\/\/healingthailand.com\/wp-content\/uploads\/2018\/02\/Autism-Guardian-Assembly-PHUKET-300x300.jpg","contentUrl":"https:\/\/healingthailand.com\/wp-content\/uploads\/2018\/02\/Autism-Guardian-Assembly-PHUKET-300x300.jpg"},{"@type":"BreadcrumbList","@id":"https:\/\/healingthailand.com\/fr\/special-children\/#breadcrumb","itemListElement":[{"@type":"ListItem","position":1,"name":"Home","item":"https:\/\/healingthailand.com\/fr\/"},{"@type":"ListItem","position":2,"name":"Sp\u00e9cial Enfants"}]},{"@type":"WebSite","@id":"https:\/\/healingthailand.com\/fr\/#website","url":"https:\/\/healingthailand.com\/fr\/","name":"Healing Thailand","description":"HOLISTIC HEALING THERAPIST","publisher":{"@id":"https:\/\/healingthailand.com\/fr\/#organization"},"potentialAction":[{"@type":"SearchAction","target":{"@type":"EntryPoint","urlTemplate":"https:\/\/healingthailand.com\/fr\/?s={search_term_string}"},"query-input":{"@type":"PropertyValueSpecification","valueRequired":true,"valueName":"search_term_string"}}],"inLanguage":"fr-FR"},{"@type":"Organization","@id":"https:\/\/healingthailand.com\/fr\/#organization","name":"Energy Healing Therapist","url":"https:\/\/healingthailand.com\/fr\/","logo":{"@type":"ImageObject","inLanguage":"fr-FR","@id":"https:\/\/healingthailand.com\/fr\/#\/schema\/logo\/image\/","url":"https:\/\/healingthailand.com\/wp-content\/uploads\/Logo-Phuket-Energy-Healing-Center-512.png","contentUrl":"https:\/\/healingthailand.com\/wp-content\/uploads\/Logo-Phuket-Energy-Healing-Center-512.png","width":512,"height":512,"caption":"Energy Healing Therapist"},"image":{"@id":"https:\/\/healingthailand.com\/fr\/#\/schema\/logo\/image\/"}}]}},"_links":{"self":[{"href":"https:\/\/healingthailand.com\/fr\/wp-json\/wp\/v2\/pages\/78","targetHints":{"allow":["GET"]}}],"collection":[{"href":"https:\/\/healingthailand.com\/fr\/wp-json\/wp\/v2\/pages"}],"about":[{"href":"https:\/\/healingthailand.com\/fr\/wp-json\/wp\/v2\/types\/page"}],"author":[{"embeddable":true,"href":"https:\/\/healingthailand.com\/fr\/wp-json\/wp\/v2\/users\/1"}],"replies":[{"embeddable":true,"href":"https:\/\/healingthailand.com\/fr\/wp-json\/wp\/v2\/comments?post=78"}],"version-history":[{"count":9,"href":"https:\/\/healingthailand.com\/fr\/wp-json\/wp\/v2\/pages\/78\/revisions"}],"predecessor-version":[{"id":3077,"href":"https:\/\/healingthailand.com\/fr\/wp-json\/wp\/v2\/pages\/78\/revisions\/3077"}],"wp:attachment":[{"href":"https:\/\/healingthailand.com\/fr\/wp-json\/wp\/v2\/media?parent=78"}],"curies":[{"name":"wp","href":"https:\/\/api.w.org\/{rel}","templated":true}]}}